{"id":27748204,"date":"2026-02-06T13:56:11","date_gmt":"2026-02-06T13:56:11","guid":{"rendered":"https:\/\/www.cordeva.be\/politique-de-confidentialite\/"},"modified":"2026-03-30T10:41:12","modified_gmt":"2026-03-30T10:41:12","slug":"politique-de-confidentialite","status":"publish","type":"page","link":"https:\/\/www.cordeva.be\/fr\/politique-de-confidentialite\/","title":{"rendered":"Politique de confidentialit\u00e9"},"content":{"rendered":"<p>[et_pb_section fb_built=\u00a0\u00bb1&Prime; custom_padding_last_edited=\u00a0\u00bbon|phone\u00a0\u00bb admin_label=\u00a0\u00bbHeader\u00a0\u00bb _builder_version=\u00a0\u00bb4.27.6&Prime; use_background_color_gradient=\u00a0\u00bbon\u00a0\u00bb background_color_gradient_direction=\u00a0\u00bb86deg\u00a0\u00bb background_color_gradient_stops=\u00a0\u00bbrgba(244,244,244,0.9) 25%|rgba(255,255,255,0.3) 100%\u00a0\u00bb background_color_gradient_overlays_image=\u00a0\u00bbon\u00a0\u00bb background_color_gradient_start=\u00a0\u00bbrgba(244,244,244,0.94)\u00a0\u00bb background_color_gradient_start_position=\u00a0\u00bb25%\u00a0\u00bb background_color_gradient_end=\u00a0\u00bbrgba(255,255,255,0.56)\u00a0\u00bb background_image=\u00a0\u00bbhttps:\/\/www.cordeva.be\/wp-content\/uploads\/2026\/02\/Cordeva-in-de-sneeuw.jpg\u00a0\u00bb background_position=\u00a0\u00bbtop_center\u00a0\u00bb background_vertical_offset=\u00a0\u00bb70%\u00a0\u00bb width=\u00a0\u00bb100%\u00a0\u00bb max_width=\u00a0\u00bb100%\u00a0\u00bb max_width_tablet=\u00a0\u00bb\u00a0\u00bb max_width_phone=\u00a0\u00bb\u00a0\u00bb max_width_last_edited=\u00a0\u00bbon|desktop\u00a0\u00bb custom_padding=\u00a0\u00bb25vh||25vh||false|false\u00a0\u00bb custom_padding_tablet=\u00a0\u00bb30vh||30vh||true|false\u00a0\u00bb custom_padding_phone=\u00a0\u00bb15vh||30vh||false|false\u00a0\u00bb background_last_edited=\u00a0\u00bbon|phone\u00a0\u00bb parallax_phone=\u00a0\u00bboff\u00a0\u00bb background_position_phone=\u00a0\u00bbcenter_right\u00a0\u00bb background_horizontal_offset_phone=\u00a0\u00bb35%\u00a0\u00bb global_colors_info=\u00a0\u00bb{}\u00a0\u00bb][et_pb_row custom_padding_last_edited=\u00a0\u00bboff|phone\u00a0\u00bb padding_top_bottom_link_1=\u00a0\u00bbtrue\u00a0\u00bb padding_left_right_link_1=\u00a0\u00bbtrue\u00a0\u00bb _builder_version=\u00a0\u00bb4.27.5&Prime; background_position=\u00a0\u00bbbottom_center\u00a0\u00bb max_width=\u00a0\u00bb1400px\u00a0\u00bb custom_margin=\u00a0\u00bb||||false|false\u00a0\u00bb custom_padding=\u00a0\u00bb0px||0px||true|false\u00a0\u00bb custom_padding_tablet=\u00a0\u00bb17vw||17vw||false\u00a0\u00bb use_custom_width=\u00a0\u00bbon\u00a0\u00bb width_unit=\u00a0\u00bboff\u00a0\u00bb custom_width_percent=\u00a0\u00bb100%\u00a0\u00bb global_colors_info=\u00a0\u00bb{}\u00a0\u00bb][et_pb_column type=\u00a0\u00bb4_4&Prime; _builder_version=\u00a0\u00bb4.16&Prime; custom_padding=\u00a0\u00bb|||\u00a0\u00bb custom_padding_tablet=\u00a0\u00bb60px||60px||true\u00a0\u00bb custom_padding_phone=\u00a0\u00bb40px||40px||true\u00a0\u00bb custom_padding_last_edited=\u00a0\u00bboff|phone\u00a0\u00bb global_colors_info=\u00a0\u00bb{}\u00a0\u00bb custom_padding__hover=\u00a0\u00bb|||\u00a0\u00bb][et_pb_text content_tablet=\u00a0\u00bb<\/p>\n<h1>politique de confidentialit\u00e9<\/h1>\n<p>\u00a0\u00bb content_phone=\u00a0\u00bb<\/p>\n<h1>politique-de-confidentialite<\/h1>\n<p>\u00a0\u00bb content_last_edited=\u00a0\u00bbon|phone\u00a0\u00bb admin_label=\u00a0\u00bbTitel H1&Prime; _builder_version=\u00a0\u00bb4.27.6&Prime; text_font=\u00a0\u00bb||||||||\u00a0\u00bb header_font=\u00a0\u00bbMontserrat|700||on|||||\u00a0\u00bb header_font_size=\u00a0\u00bb60px\u00a0\u00bb header_letter_spacing=\u00a0\u00bb0.1em\u00a0\u00bb header_line_height=\u00a0\u00bb1.2em\u00a0\u00bb width=\u00a0\u00bb90%\u00a0\u00bb width_tablet=\u00a0\u00bb100%\u00a0\u00bb width_phone=\u00a0\u00bb100%\u00a0\u00bb width_last_edited=\u00a0\u00bbon|phone\u00a0\u00bb max_width=\u00a0\u00bb100%\u00a0\u00bb max_width_tablet=\u00a0\u00bb70%\u00a0\u00bb max_width_last_edited=\u00a0\u00bboff|phone\u00a0\u00bb custom_margin=\u00a0\u00bb||30px||false|false\u00a0\u00bb custom_padding=\u00a0\u00bb0px||0px||true|false\u00a0\u00bb animation_style=\u00a0\u00bbzoom\u00a0\u00bb animation_duration=\u00a0\u00bb2000ms\u00a0\u00bb animation_intensity_zoom=\u00a0\u00bb5%\u00a0\u00bb header_font_size_tablet=\u00a0\u00bb40px\u00a0\u00bb header_font_size_phone=\u00a0\u00bb30px\u00a0\u00bb header_font_size_last_edited=\u00a0\u00bbon|tablet\u00a0\u00bb header_letter_spacing_last_edited=\u00a0\u00bboff|desktop\u00a0\u00bb global_colors_info=\u00a0\u00bb{}\u00a0\u00bb]<\/p>\n<h1>politique de confidentialit\u00e9<\/h1>\n<p>[\/et_pb_text][\/et_pb_column][\/et_pb_row][et_pb_row admin_label=\u00a0\u00bbS\u00e9parateur nuageux\u00a0\u00bb _builder_version=\u00a0\u00bb4.27.5&Prime; positioning=\u00a0\u00bbabsolute\u00a0\u00bb position_origin_a=\u00a0\u00bbbottom_center\u00a0\u00bb width=\u00a0\u00bb100%\u00a0\u00bb max_width=\u00a0\u00bb100%\u00a0\u00bb custom_margin=\u00a0\u00bb|||||\u00a0\u00bb custom_padding=\u00a0\u00bb||0px|||\u00a0\u00bb locked=\u00a0\u00bbon\u00a0\u00bb global_colors_info=\u00a0\u00bb{}\u00a0\u00bb][et_pb_column type=\u00a0\u00bb4_4&Prime; _builder_version=\u00a0\u00bb4.16&Prime; custom_padding=\u00a0\u00bb|||\u00a0\u00bb global_colors_info=\u00a0\u00bb{}\u00a0\u00bb custom_padding__hover=\u00a0\u00bb|||\u00a0\u00bb][et_pb_image src=\u00a0\u00bbhttps:\/\/www.cordeva.be\/wp-content\/uploads\/2026\/02\/calligraphy_54.png\u00a0\u00bb force_fullwidth=\u00a0\u00bbon\u00a0\u00bb align_tablet=\u00a0\u00bbcenter\u00a0\u00bb align_phone=\u00a0\u00bbcenter\u00a0\u00bb align_last_edited=\u00a0\u00bbon|desktop\u00a0\u00bb _builder_version=\u00a0\u00bb4.16&Prime; global_colors_info=\u00a0\u00bb{}\u00a0\u00bb][\/et_pb_image][\/et_pb_column][\/et_pb_row][\/et_pb_section][et_pb_section fb_built=\u00a0\u00bb1&Prime; admin_label=\u00a0\u00bbAbout Me\u00a0\u00bb _builder_version=\u00a0\u00bb4.27.6&Prime; custom_padding=\u00a0\u00bb0px||80px||false|false\u00a0\u00bb global_colors_info=\u00a0\u00bb{}\u00a0\u00bb][et_pb_row use_custom_gutter=\u00a0\u00bbon\u00a0\u00bb gutter_width=\u00a0\u00bb1&Prime; _builder_version=\u00a0\u00bb4.27.5&Prime; max_width=\u00a0\u00bb1400px\u00a0\u00bb custom_margin=\u00a0\u00bb0px||0px||true|false\u00a0\u00bb custom_padding=\u00a0\u00bb0px||0px||true|false\u00a0\u00bb global_colors_info=\u00a0\u00bb{}\u00a0\u00bb][et_pb_column type=\u00a0\u00bb4_4&Prime; _builder_version=\u00a0\u00bb4.16&Prime; custom_padding=\u00a0\u00bb|||\u00a0\u00bb global_colors_info=\u00a0\u00bb{}\u00a0\u00bb custom_padding__hover=\u00a0\u00bb|||\u00a0\u00bb][et_pb_text _builder_version=\u00a0\u00bb4.27.6&Prime; _module_preset=\u00a0\u00bbdefault\u00a0\u00bb header_font=\u00a0\u00bb||||||||\u00a0\u00bb header_2_font=\u00a0\u00bbMontserrat|||on|||||\u00a0\u00bb header_2_text_align=\u00a0\u00bbleft\u00a0\u00bb header_2_font_size=\u00a0\u00bb22px\u00a0\u00bb header_2_letter_spacing=\u00a0\u00bb0.1em\u00a0\u00bb header_2_line_height=\u00a0\u00bb1.7em\u00a0\u00bb header_3_font=\u00a0\u00bbMontserrat|600|||||||\u00a0\u00bb header_3_font_size=\u00a0\u00bb70px\u00a0\u00bb header_3_line_height=\u00a0\u00bb1.2em\u00a0\u00bb header_2_font_size_tablet=\u00a0\u00bb20px\u00a0\u00bb header_2_font_size_phone=\u00a0\u00bb18px\u00a0\u00bb header_2_font_size_last_edited=\u00a0\u00bbon|phone\u00a0\u00bb header_2_line_height_tablet=\u00a0\u00bb1.4em\u00a0\u00bb header_2_line_height_phone=\u00a0\u00bb1.2em\u00a0\u00bb header_2_line_height_last_edited=\u00a0\u00bbon|phone\u00a0\u00bb header_3_font_size_tablet=\u00a0\u00bb50px\u00a0\u00bb header_3_font_size_phone=\u00a0\u00bb30px\u00a0\u00bb header_3_font_size_last_edited=\u00a0\u00bbon|phone\u00a0\u00bb global_colors_info=\u00a0\u00bb{}\u00a0\u00bb]<\/p>\n<p>Derni\u00e8re mise \u00e0 jour le : 13 mars 2026<\/p>\n<h2>1. Qui sommes-nous ?<\/h2>\n<p>Ce site web est g\u00e9r\u00e9 par :<\/p>\n<p>CORDEVA<br \/>Edingensesteenweg 771<br \/>1502 Hal<br \/>Belgique<\/p>\n<p>E-mail : info@cordeva.be<br \/>T\u00e9l\u00e9phone : 0474 43 00 01<br \/>Num\u00e9ro d\u2019entreprise : BE<span>0784.287.857<\/span><\/p>\n<p>Dans cette politique de confidentialit\u00e9, nous expliquons quelles donn\u00e9es \u00e0 caract\u00e8re personnel nous collectons, pourquoi nous le faisons et comment nous les traitons.<\/p>\n<h2>2. Quelles donn\u00e9es \u00e0 caract\u00e8re personnel collectons-nous ?<\/h2>\n<p>Nous pouvons collecter les donn\u00e9es \u00e0 caract\u00e8re personnel suivantes lorsque vous utilisez notre site web ou que vous nous contactez :<\/p>\n<ul>\n<li>Nom<\/li>\n<li>Adresse e-mail<\/li>\n<li>Num\u00e9ro de t\u00e9l\u00e9phone<\/li>\n<li>Nom de l\u2019entreprise<\/li>\n<li>Adresse IP<\/li>\n<li>Donn\u00e9es relatives \u00e0 l\u2019utilisation du site web<\/li>\n<\/ul>\n<p>Ces donn\u00e9es ne sont collect\u00e9es que lorsque vous nous les fournissez vous-m\u00eame (par exemple via un formulaire de contact) ou automatiquement via des outils d\u2019analyse.<\/p>\n<h2>3. Pourquoi collectons-nous ces donn\u00e9es ?<\/h2>\n<p>Nous utilisons vos donn\u00e9es aux fins suivantes :<\/p>\n<ul>\n<li>Pour vous contacter lorsque vous posez une question<\/li>\n<li>Pour pouvoir fournir nos services<\/li>\n<li>Pour am\u00e9liorer notre site web<\/li>\n<li>Pour analyser les statistiques relatives \u00e0 l\u2019utilisation de notre site web<\/li>\n<li>Pour nous conformer aux obligations l\u00e9gales<\/li>\n<\/ul>\n<p>Nous ne traitons les donn\u00e9es \u00e0 caract\u00e8re personnel que lorsqu\u2019il existe une base juridique valable, telle que votre consentement, un contrat ou un int\u00e9r\u00eat l\u00e9gitime.<\/p>\n<h2>4. Combien de temps conservons-nous vos donn\u00e9es ?<\/h2>\n<p>Nous ne conservons pas vos donn\u00e9es \u00e0 caract\u00e8re personnel plus longtemps que n\u00e9cessaire aux fins pour lesquelles elles ont \u00e9t\u00e9 collect\u00e9es, \u00e0 moins qu\u2019une p\u00e9riode de conservation plus longue ne soit requise par la loi.<\/p>\n<h2>5. Partage de donn\u00e9es \u00e0 caract\u00e8re personnel avec des tiers<\/h2>\n<p>Nous ne vendons jamais vos donn\u00e9es \u00e0 caract\u00e8re personnel \u00e0 des tiers.<\/p>\n<p>Toutefois, nous pouvons partager certaines donn\u00e9es avec des prestataires de services externes lorsque cela est n\u00e9cessaire au fonctionnement de notre site web ou de nos services, par exemple :<\/p>\n<ul>\n<li>H\u00e9bergeur<\/li>\n<li>Services de messagerie \u00e9lectronique<\/li>\n<li>Services d\u2019analyse<\/li>\n<\/ul>\n<p>Ces parties ne traitent les donn\u00e9es que sur nos instructions et conform\u00e9ment aux r\u00e8gles du RGPD.<\/p>\n<h2>6. Cookies<\/h2>\n<p>Notre site web utilise des cookies pour am\u00e9liorer l\u2019exp\u00e9rience utilisateur et analyser l\u2019utilisation du site web.<\/p>\n<p>Vous trouverez plus d\u2019informations \u00e0 ce sujet dans notre politique relative aux cookies.<\/p>\n<h2>7. Vos droits<\/h2>\n<p>Vous avez le droit de :<\/p>\n<ul>\n<li>Consulter vos donn\u00e9es \u00e0 caract\u00e8re personnel<\/li>\n<li>Faire rectifier vos donn\u00e9es<\/li>\n<li>Faire supprimer vos donn\u00e9es<\/li>\n<li>Limiter le traitement de vos donn\u00e9es<\/li>\n<li>Vous opposer au traitement<\/li>\n<li>Transf\u00e9rer vos donn\u00e9es<\/li>\n<\/ul>\n<p>Pour cela, vous pouvez nous contacter \u00e0 l&rsquo;adresse suivante : info@cordeva.be<\/p>\n<p>En outre, vous avez \u00e9galement le droit de d\u00e9poser une plainte aupr\u00e8s de l\u2019autorit\u00e9 de contr\u00f4le comp\u00e9tente :<\/p>\n<p><a href=\"https:\/\/www.gegevensbeschermingsautoriteit.be\">Autorit\u00e9 de protection des donn\u00e9es (APD)<\/a><\/p>\n<h2>8. S\u00e9curit\u00e9 des donn\u00e9es<\/h2>\n<p>Nous prenons les mesures techniques et organisationnelles appropri\u00e9es pour prot\u00e9ger vos donn\u00e9es \u00e0 caract\u00e8re personnel contre la perte, l\u2019usage abusif ou l\u2019acc\u00e8s non autoris\u00e9.<\/p>\n<h2>9. Modifications de cette politique de confidentialit\u00e9<\/h2>\n<p>Nous pouvons modifier cette politique de confidentialit\u00e9 de temps \u00e0 autre. La version la plus r\u00e9cente est toujours disponible sur cette page.<\/p>\n<p>[\/et_pb_text][\/et_pb_column][\/et_pb_row][\/et_pb_section]<\/p>\n","protected":false},"excerpt":{"rendered":"<p>politique de confidentialit\u00e9Derni\u00e8re mise \u00e0 jour le : 13 mars 2026 1. Qui sommes-nous ? Ce site web est g\u00e9r\u00e9 par : CORDEVAEdingensesteenweg 7711502 HalBelgique E-mail : info@cordeva.beT\u00e9l\u00e9phone : 0474 43 00 01Num\u00e9ro d\u2019entreprise : BE0784.287.857 Dans cette politique de confidentialit\u00e9, nous expliquons quelles donn\u00e9es \u00e0 caract\u00e8re personnel nous collectons, pourquoi nous le faisons et comment nous les traitons. 2. Quelles donn\u00e9es \u00e0 caract\u00e8re personnel collectons-nous ? Nous pouvons collecter les donn\u00e9es \u00e0 caract\u00e8re personnel suivantes lorsque vous utilisez notre site web ou que vous nous contactez : Nom Adresse e-mail Num\u00e9ro de t\u00e9l\u00e9phone Nom de l\u2019entreprise Adresse IP Donn\u00e9es relatives \u00e0 l\u2019utilisation du site web Ces donn\u00e9es ne sont collect\u00e9es que lorsque vous nous les fournissez vous-m\u00eame (par exemple via un formulaire de contact) ou automatiquement via des outils d\u2019analyse. 3. Pourquoi collectons-nous ces donn\u00e9es ? Nous utilisons vos donn\u00e9es aux fins suivantes : Pour vous contacter lorsque vous posez une question Pour pouvoir fournir nos services Pour am\u00e9liorer notre site web Pour analyser les statistiques relatives \u00e0 l\u2019utilisation de notre site web Pour nous conformer aux obligations l\u00e9gales Nous ne traitons les donn\u00e9es \u00e0 caract\u00e8re personnel que lorsqu\u2019il existe une base juridique valable, telle que votre consentement, un [&hellip;]<\/p>\n","protected":false},"author":1,"featured_media":0,"parent":0,"menu_order":0,"comment_status":"closed","ping_status":"closed","template":"","meta":{"_et_pb_use_builder":"on","_et_pb_old_content":"","_et_gb_content_width":"","footnotes":""},"dipi_cpt_category":[],"class_list":["post-27748204","page","type-page","status-publish","hentry"],"_links":{"self":[{"href":"https:\/\/www.cordeva.be\/fr\/wp-json\/wp\/v2\/pages\/27748204","targetHints":{"allow":["GET"]}}],"collection":[{"href":"https:\/\/www.cordeva.be\/fr\/wp-json\/wp\/v2\/pages"}],"about":[{"href":"https:\/\/www.cordeva.be\/fr\/wp-json\/wp\/v2\/types\/page"}],"author":[{"embeddable":true,"href":"https:\/\/www.cordeva.be\/fr\/wp-json\/wp\/v2\/users\/1"}],"replies":[{"embeddable":true,"href":"https:\/\/www.cordeva.be\/fr\/wp-json\/wp\/v2\/comments?post=27748204"}],"version-history":[{"count":7,"href":"https:\/\/www.cordeva.be\/fr\/wp-json\/wp\/v2\/pages\/27748204\/revisions"}],"predecessor-version":[{"id":27748215,"href":"https:\/\/www.cordeva.be\/fr\/wp-json\/wp\/v2\/pages\/27748204\/revisions\/27748215"}],"wp:attachment":[{"href":"https:\/\/www.cordeva.be\/fr\/wp-json\/wp\/v2\/media?parent=27748204"}],"wp:term":[{"taxonomy":"dipi_cpt_category","embeddable":true,"href":"https:\/\/www.cordeva.be\/fr\/wp-json\/wp\/v2\/dipi_cpt_category?post=27748204"}],"curies":[{"name":"wp","href":"https:\/\/api.w.org\/{rel}","templated":true}]}}