{"id":27748207,"date":"2026-03-23T16:10:07","date_gmt":"2026-03-23T16:10:07","guid":{"rendered":"https:\/\/www.cordeva.be\/politique-relative-aux-cookies\/"},"modified":"2026-03-30T10:37:45","modified_gmt":"2026-03-30T10:37:45","slug":"politique-relative-aux-cookies","status":"publish","type":"page","link":"https:\/\/www.cordeva.be\/fr\/politique-relative-aux-cookies\/","title":{"rendered":"Politique relative aux cookies"},"content":{"rendered":"<p>[et_pb_section fb_built=\u00a0\u00bb1&Prime; custom_padding_last_edited=\u00a0\u00bbon|phone\u00a0\u00bb admin_label=\u00a0\u00bbHeader\u00a0\u00bb _builder_version=\u00a0\u00bb4.27.6&Prime; use_background_color_gradient=\u00a0\u00bbon\u00a0\u00bb background_color_gradient_direction=\u00a0\u00bb86deg\u00a0\u00bb background_color_gradient_stops=\u00a0\u00bbrgba(244,244,244,0.9) 25%|rgba(255,255,255,0.3) 100%\u00a0\u00bb background_color_gradient_overlays_image=\u00a0\u00bbon\u00a0\u00bb background_color_gradient_start=\u00a0\u00bbrgba(244,244,244,0.94)\u00a0\u00bb background_color_gradient_start_position=\u00a0\u00bb25%\u00a0\u00bb background_color_gradient_end=\u00a0\u00bbrgba(255,255,255,0.56)\u00a0\u00bb background_image=\u00a0\u00bbhttps:\/\/www.cordeva.be\/wp-content\/uploads\/2026\/02\/Cordeva-in-de-sneeuw.jpg\u00a0\u00bb background_position=\u00a0\u00bbtop_center\u00a0\u00bb background_vertical_offset=\u00a0\u00bb70%\u00a0\u00bb width=\u00a0\u00bb100%\u00a0\u00bb max_width=\u00a0\u00bb100%\u00a0\u00bb max_width_tablet=\u00a0\u00bb\u00a0\u00bb max_width_phone=\u00a0\u00bb\u00a0\u00bb max_width_last_edited=\u00a0\u00bbon|desktop\u00a0\u00bb custom_padding=\u00a0\u00bb25vh||25vh||false|false\u00a0\u00bb custom_padding_tablet=\u00a0\u00bb30vh||30vh||true|false\u00a0\u00bb custom_padding_phone=\u00a0\u00bb15vh||30vh||false|false\u00a0\u00bb background_last_edited=\u00a0\u00bbon|phone\u00a0\u00bb parallax_phone=\u00a0\u00bboff\u00a0\u00bb background_position_phone=\u00a0\u00bbcenter_right\u00a0\u00bb background_horizontal_offset_phone=\u00a0\u00bb35%\u00a0\u00bb global_colors_info=\u00a0\u00bb{}\u00a0\u00bb][et_pb_row custom_padding_last_edited=\u00a0\u00bboff|phone\u00a0\u00bb padding_top_bottom_link_1=\u00a0\u00bbtrue\u00a0\u00bb padding_left_right_link_1=\u00a0\u00bbtrue\u00a0\u00bb _builder_version=\u00a0\u00bb4.27.5&Prime; background_position=\u00a0\u00bbbottom_center\u00a0\u00bb max_width=\u00a0\u00bb1400px\u00a0\u00bb custom_margin=\u00a0\u00bb||||false|false\u00a0\u00bb custom_padding=\u00a0\u00bb0px||0px||true|false\u00a0\u00bb custom_padding_tablet=\u00a0\u00bb17vw||17vw||false\u00a0\u00bb use_custom_width=\u00a0\u00bbon\u00a0\u00bb width_unit=\u00a0\u00bboff\u00a0\u00bb custom_width_percent=\u00a0\u00bb100%\u00a0\u00bb global_colors_info=\u00a0\u00bb{}\u00a0\u00bb][et_pb_column type=\u00a0\u00bb4_4&Prime; _builder_version=\u00a0\u00bb4.16&Prime; custom_padding=\u00a0\u00bb|||\u00a0\u00bb custom_padding_tablet=\u00a0\u00bb60px||60px||true\u00a0\u00bb custom_padding_phone=\u00a0\u00bb40px||40px||true\u00a0\u00bb custom_padding_last_edited=\u00a0\u00bboff|phone\u00a0\u00bb global_colors_info=\u00a0\u00bb{}\u00a0\u00bb custom_padding__hover=\u00a0\u00bb|||\u00a0\u00bb][et_pb_text admin_label=\u00a0\u00bbTitel H1&Prime; _builder_version=\u00a0\u00bb4.27.6&Prime; text_font=\u00a0\u00bb||||||||\u00a0\u00bb header_font=\u00a0\u00bbMontserrat|700||on|||||\u00a0\u00bb header_font_size=\u00a0\u00bb60px\u00a0\u00bb header_letter_spacing=\u00a0\u00bb0.1em\u00a0\u00bb header_line_height=\u00a0\u00bb1.2em\u00a0\u00bb width=\u00a0\u00bb60%\u00a0\u00bb width_tablet=\u00a0\u00bb80%\u00a0\u00bb width_phone=\u00a0\u00bb100%\u00a0\u00bb width_last_edited=\u00a0\u00bbon|tablet\u00a0\u00bb max_width=\u00a0\u00bb100%\u00a0\u00bb max_width_tablet=\u00a0\u00bb70%\u00a0\u00bb max_width_last_edited=\u00a0\u00bboff|phone\u00a0\u00bb custom_margin=\u00a0\u00bb||30px||false|false\u00a0\u00bb custom_padding=\u00a0\u00bb0px||0px||true|false\u00a0\u00bb animation_style=\u00a0\u00bbzoom\u00a0\u00bb animation_duration=\u00a0\u00bb2000ms\u00a0\u00bb animation_intensity_zoom=\u00a0\u00bb5%\u00a0\u00bb header_font_size_tablet=\u00a0\u00bb40px\u00a0\u00bb header_font_size_phone=\u00a0\u00bb30px\u00a0\u00bb header_font_size_last_edited=\u00a0\u00bbon|tablet\u00a0\u00bb header_letter_spacing_last_edited=\u00a0\u00bboff|desktop\u00a0\u00bb global_colors_info=\u00a0\u00bb{}\u00a0\u00bb]<\/p>\n<h1>Politique relative aux cookies<\/h1>\n<p>[\/et_pb_text][\/et_pb_column][\/et_pb_row][et_pb_row admin_label=\u00a0\u00bbS\u00e9parateur nuageux\u00a0\u00bb _builder_version=\u00a0\u00bb4.27.5&Prime; positioning=\u00a0\u00bbabsolute\u00a0\u00bb position_origin_a=\u00a0\u00bbbottom_center\u00a0\u00bb width=\u00a0\u00bb100%\u00a0\u00bb max_width=\u00a0\u00bb100%\u00a0\u00bb custom_margin=\u00a0\u00bb|||||\u00a0\u00bb custom_padding=\u00a0\u00bb||0px|||\u00a0\u00bb locked=\u00a0\u00bbon\u00a0\u00bb global_colors_info=\u00a0\u00bb{}\u00a0\u00bb][et_pb_column type=\u00a0\u00bb4_4&Prime; _builder_version=\u00a0\u00bb4.16&Prime; custom_padding=\u00a0\u00bb|||\u00a0\u00bb global_colors_info=\u00a0\u00bb{}\u00a0\u00bb custom_padding__hover=\u00a0\u00bb|||\u00a0\u00bb][et_pb_image src=\u00a0\u00bbhttps:\/\/www.cordeva.be\/wp-content\/uploads\/2026\/02\/calligraphy_54.png\u00a0\u00bb force_fullwidth=\u00a0\u00bbon\u00a0\u00bb align_tablet=\u00a0\u00bbcenter\u00a0\u00bb align_phone=\u00a0\u00bbcenter\u00a0\u00bb align_last_edited=\u00a0\u00bbon|desktop\u00a0\u00bb _builder_version=\u00a0\u00bb4.16&Prime; global_colors_info=\u00a0\u00bb{}\u00a0\u00bb][\/et_pb_image][\/et_pb_column][\/et_pb_row][\/et_pb_section][et_pb_section fb_built=\u00a0\u00bb1&Prime; admin_label=\u00a0\u00bbAbout Me\u00a0\u00bb _builder_version=\u00a0\u00bb4.27.6&Prime; custom_padding=\u00a0\u00bb0px||80px||false|false\u00a0\u00bb global_colors_info=\u00a0\u00bb{}\u00a0\u00bb][et_pb_row use_custom_gutter=\u00a0\u00bbon\u00a0\u00bb gutter_width=\u00a0\u00bb1&Prime; _builder_version=\u00a0\u00bb4.27.5&Prime; max_width=\u00a0\u00bb1400px\u00a0\u00bb custom_margin=\u00a0\u00bb0px||0px||true|false\u00a0\u00bb custom_padding=\u00a0\u00bb0px||0px||true|false\u00a0\u00bb global_colors_info=\u00a0\u00bb{}\u00a0\u00bb][et_pb_column type=\u00a0\u00bb4_4&Prime; _builder_version=\u00a0\u00bb4.16&Prime; custom_padding=\u00a0\u00bb|||\u00a0\u00bb global_colors_info=\u00a0\u00bb{}\u00a0\u00bb custom_padding__hover=\u00a0\u00bb|||\u00a0\u00bb][et_pb_text _builder_version=\u00a0\u00bb4.27.6&Prime; _module_preset=\u00a0\u00bbdefault\u00a0\u00bb header_font=\u00a0\u00bb||||||||\u00a0\u00bb header_2_font=\u00a0\u00bbMontserrat|||on|||||\u00a0\u00bb header_2_text_align=\u00a0\u00bbleft\u00a0\u00bb header_2_font_size=\u00a0\u00bb22px\u00a0\u00bb header_2_letter_spacing=\u00a0\u00bb0.1em\u00a0\u00bb header_2_line_height=\u00a0\u00bb1.7em\u00a0\u00bb header_3_font=\u00a0\u00bbMontserrat|600|||||||\u00a0\u00bb header_3_font_size=\u00a0\u00bb18px\u00a0\u00bb header_3_line_height=\u00a0\u00bb1.2em\u00a0\u00bb header_2_font_size_tablet=\u00a0\u00bb20px\u00a0\u00bb header_2_font_size_phone=\u00a0\u00bb18px\u00a0\u00bb header_2_font_size_last_edited=\u00a0\u00bbon|phone\u00a0\u00bb header_2_line_height_tablet=\u00a0\u00bb1.4em\u00a0\u00bb header_2_line_height_phone=\u00a0\u00bb1.2em\u00a0\u00bb header_2_line_height_last_edited=\u00a0\u00bbon|phone\u00a0\u00bb header_3_font_size_tablet=\u00a0\u00bb18px\u00a0\u00bb header_3_font_size_phone=\u00a0\u00bb16px\u00a0\u00bb header_3_font_size_last_edited=\u00a0\u00bbon|phone\u00a0\u00bb global_colors_info=\u00a0\u00bb{}\u00a0\u00bb]<\/p>\n<p>Derni\u00e8re mise \u00e0 jour le : 13 mars 2026<\/p>\n<h2>1. Que sont les cookies ?<\/h2>\n<p>Les cookies sont de petits fichiers texte stock\u00e9s sur votre ordinateur ou votre appareil mobile lorsque vous visitez un site web. Ils aident le site web \u00e0 fonctionner correctement et permettent de comprendre comment il est utilis\u00e9.<\/p>\n<h2>2. Quels cookies utilisons-nous ?<\/h2>\n<p>Nous utilisons les types de cookies suivants :<\/p>\n<h3><strong>Cookies n\u00e9cessaires<\/strong><\/h3>\n<p>Ces cookies sont essentiels au bon fonctionnement du site web et ne peuvent pas \u00eatre d\u00e9sactiv\u00e9s.<\/p>\n<p>Exemples :<\/p>\n<ul>\n<li>M\u00e9morisation des pr\u00e9f\u00e9rences en mati\u00e8re de cookies<\/li>\n<li>Fonctionnalit\u00e9s de base du site web<\/li>\n<\/ul>\n<h3><strong>Cookies analytiques<\/strong><\/h3>\n<p>Ces cookies nous aident \u00e0 analyser et \u00e0 am\u00e9liorer l\u2019utilisation du site web.<\/p>\n<p>Exemples :<\/p>\n<ul>\n<li>Google Analytics<\/li>\n<li>Statistiques de visite et comportement sur le site web<\/li>\n<\/ul>\n<h3><strong>Cookies de marketing (le cas \u00e9ch\u00e9ant)<\/strong><\/h3>\n<p>Ces cookies sont utilis\u00e9s pour suivre les visiteurs et afficher des publicit\u00e9s personnalis\u00e9es.<\/p>\n<p>Exemples :<\/p>\n<ul>\n<li>Facebook Pixel<\/li>\n<li>Campagnes publicitaires et remarketing<\/li>\n<\/ul>\n<h2>3. Comment g\u00e9rer les cookies ?<\/h2>\n<p>Lors de votre premi\u00e8re visite sur notre site web, vous pouvez d\u00e9finir vos pr\u00e9f\u00e9rences en mati\u00e8re de cookies via la banni\u00e8re de cookies. En outre, vous pouvez \u00e9galement g\u00e9rer ou supprimer les cookies via les param\u00e8tres de votre navigateur :<\/p>\n<ul>\n<li>Google Chrome<\/li>\n<li>Safari<\/li>\n<li>Mozilla Firefox<\/li>\n<li>Microsoft Edge<\/li>\n<\/ul>\n<p>Attention : la d\u00e9sactivation des cookies peut affecter le fonctionnement du site web.<\/p>\n<h2>4. Vos droits<\/h2>\n<p>Vous avez le droit de consulter, de corriger ou de faire supprimer vos donn\u00e9es.<br \/>Vous trouverez plus d\u2019informations \u00e0 ce sujet dans notre d\u00e9claration de confidentialit\u00e9 : <a href=\"https:\/\/www.cordeva.be\/fr\/politique-de-confidentialite\/\">www.cordeva.be\/privacyverklaring<\/a><\/p>\n<h2>5. Contact<\/h2>\n<p><strong>CORDEVA<\/strong><\/p>\n<p>Edingensesteenweg 771<br \/>1502 Hal<\/p>\n<p>info@cordeva.be<\/p>\n<p>BE0784.287.857<\/p>\n<p>[\/et_pb_text][\/et_pb_column][\/et_pb_row][\/et_pb_section]<\/p>\n","protected":false},"excerpt":{"rendered":"<p>Politique relative aux cookiesDerni\u00e8re mise \u00e0 jour le : 13 mars 2026 1. Que sont les cookies ? Les cookies sont de petits fichiers texte stock\u00e9s sur votre ordinateur ou votre appareil mobile lorsque vous visitez un site web. Ils aident le site web \u00e0 fonctionner correctement et permettent de comprendre comment il est utilis\u00e9. 2. Quels cookies utilisons-nous ? Nous utilisons les types de cookies suivants : Cookies n\u00e9cessaires Ces cookies sont essentiels au bon fonctionnement du site web et ne peuvent pas \u00eatre d\u00e9sactiv\u00e9s. Exemples : M\u00e9morisation des pr\u00e9f\u00e9rences en mati\u00e8re de cookies Fonctionnalit\u00e9s de base du site web Cookies analytiques Ces cookies nous aident \u00e0 analyser et \u00e0 am\u00e9liorer l\u2019utilisation du site web. Exemples : Google Analytics Statistiques de visite et comportement sur le site web Cookies de marketing (le cas \u00e9ch\u00e9ant) Ces cookies sont utilis\u00e9s pour suivre les visiteurs et afficher des publicit\u00e9s personnalis\u00e9es. Exemples : Facebook Pixel Campagnes publicitaires et remarketing 3. Comment g\u00e9rer les cookies ? Lors de votre premi\u00e8re visite sur notre site web, vous pouvez d\u00e9finir vos pr\u00e9f\u00e9rences en mati\u00e8re de cookies via la banni\u00e8re de cookies. En outre, vous pouvez \u00e9galement g\u00e9rer ou supprimer les cookies via les param\u00e8tres de votre [&hellip;]<\/p>\n","protected":false},"author":1,"featured_media":0,"parent":0,"menu_order":0,"comment_status":"closed","ping_status":"closed","template":"","meta":{"_et_pb_use_builder":"on","_et_pb_old_content":"","_et_gb_content_width":"","footnotes":""},"dipi_cpt_category":[],"class_list":["post-27748207","page","type-page","status-publish","hentry"],"_links":{"self":[{"href":"https:\/\/www.cordeva.be\/fr\/wp-json\/wp\/v2\/pages\/27748207","targetHints":{"allow":["GET"]}}],"collection":[{"href":"https:\/\/www.cordeva.be\/fr\/wp-json\/wp\/v2\/pages"}],"about":[{"href":"https:\/\/www.cordeva.be\/fr\/wp-json\/wp\/v2\/types\/page"}],"author":[{"embeddable":true,"href":"https:\/\/www.cordeva.be\/fr\/wp-json\/wp\/v2\/users\/1"}],"replies":[{"embeddable":true,"href":"https:\/\/www.cordeva.be\/fr\/wp-json\/wp\/v2\/comments?post=27748207"}],"version-history":[{"count":2,"href":"https:\/\/www.cordeva.be\/fr\/wp-json\/wp\/v2\/pages\/27748207\/revisions"}],"predecessor-version":[{"id":27748209,"href":"https:\/\/www.cordeva.be\/fr\/wp-json\/wp\/v2\/pages\/27748207\/revisions\/27748209"}],"wp:attachment":[{"href":"https:\/\/www.cordeva.be\/fr\/wp-json\/wp\/v2\/media?parent=27748207"}],"wp:term":[{"taxonomy":"dipi_cpt_category","embeddable":true,"href":"https:\/\/www.cordeva.be\/fr\/wp-json\/wp\/v2\/dipi_cpt_category?post=27748207"}],"curies":[{"name":"wp","href":"https:\/\/api.w.org\/{rel}","templated":true}]}}